{"id":105,"date":"2023-04-17T16:44:25","date_gmt":"2023-04-17T19:44:25","guid":{"rendered":"https:\/\/osjclimatizacao.com.br\/?page_id=105"},"modified":"2023-04-20T15:28:37","modified_gmt":"2023-04-20T18:28:37","slug":"sobre-a-empresa","status":"publish","type":"page","link":"https:\/\/osjclimatizacao.com.br\/index.php\/sobre-a-empresa\/","title":{"rendered":"Sobre a empresa"},"content":{"rendered":"\t\t<div data-elementor-type=\"wp-page\" data-elementor-id=\"105\" class=\"elementor elementor-105\">\n\t\t\t\t\t\t\t\t\t<section class=\"elementor-section elementor-top-section elementor-element elementor-element-5721125 elementor-section-boxed elementor-section-height-default elementor-section-height-default\" data-id=\"5721125\" data-element_type=\"section\">\n\t\t\t\t\t\t<div class=\"elementor-container elementor-column-gap-default\">\n\t\t\t\t\t<div class=\"elementor-column elementor-col-100 elementor-top-column elementor-element elementor-element-d76b346\" data-id=\"d76b346\" data-element_type=\"column\">\n\t\t\t<div class=\"elementor-widget-wrap elementor-element-populated\">\n\t\t\t\t\t\t\t\t<div class=\"elementor-element elementor-element-c064995 elementor-widget elementor-widget-heading\" data-id=\"c064995\" data-element_type=\"widget\" data-widget_type=\"heading.default\">\n\t\t\t\t<div class=\"elementor-widget-container\">\n\t\t\t<style>\/*! elementor - v3.12.1 - 02-04-2023 *\/\n.elementor-heading-title{padding:0;margin:0;line-height:1}.elementor-widget-heading .elementor-heading-title[class*=elementor-size-]>a{color:inherit;font-size:inherit;line-height:inherit}.elementor-widget-heading .elementor-heading-title.elementor-size-small{font-size:15px}.elementor-widget-heading .elementor-heading-title.elementor-size-medium{font-size:19px}.elementor-widget-heading .elementor-heading-title.elementor-size-large{font-size:29px}.elementor-widget-heading .elementor-heading-title.elementor-size-xl{font-size:39px}.elementor-widget-heading .elementor-heading-title.elementor-size-xxl{font-size:59px}<\/style><h2 class=\"elementor-heading-title elementor-size-default\">Sobre a OSJ<\/h2>\t\t<\/div>\n\t\t\t\t<\/div>\n\t\t\t\t<div class=\"elementor-element elementor-element-f768c3c elementor-widget__width-initial elementor-widget elementor-widget-text-editor\" data-id=\"f768c3c\" data-element_type=\"widget\" data-widget_type=\"text-editor.default\">\n\t\t\t\t<div class=\"elementor-widget-container\">\n\t\t\t<style>\/*! elementor - v3.12.1 - 02-04-2023 *\/\n.elementor-widget-text-editor.elementor-drop-cap-view-stacked .elementor-drop-cap{background-color:#69727d;color:#fff}.elementor-widget-text-editor.elementor-drop-cap-view-framed .elementor-drop-cap{color:#69727d;border:3px solid;background-color:transparent}.elementor-widget-text-editor:not(.elementor-drop-cap-view-default) .elementor-drop-cap{margin-top:8px}.elementor-widget-text-editor:not(.elementor-drop-cap-view-default) .elementor-drop-cap-letter{width:1em;height:1em}.elementor-widget-text-editor .elementor-drop-cap{float:left;text-align:center;line-height:1;font-size:50px}.elementor-widget-text-editor .elementor-drop-cap-letter{display:inline-block}<\/style>\t\t\t\t<p>Ao trabalhar com a OSJ Climatiza\u00e7\u00e3o, os clientes t\u00eam acesso a uma equipe de profissionais altamente capacitados, que s\u00e3o treinados para oferecer um atendimento personalizado e entender as necessidades espec\u00edficas de cada cliente. A empresa trabalha com as principais marcas do mercado, o que garante a qualidade dos equipamentos instalados.<\/p>\n<p>No que se refere \u00e0 venda, a OSJ Climatiza\u00e7\u00e3o oferece uma ampla variedade de op\u00e7\u00f5es de ar condicionado, incluindo modelos convencionais e modernos sistemas. Com isso, a empresa consegue atender a diferentes necessidades e demandas dos clientes.<\/p>\n<p>A instala\u00e7\u00e3o dos equipamentos \u00e9 feita por uma equipe t\u00e9cnica especializada, que realiza todo o processo de forma \u00e1gil e eficiente, garantindo a seguran\u00e7a e o bom funcionamento dos sistemas. Al\u00e9m disso, a empresa oferece servi\u00e7os de manuten\u00e7\u00e3o preventiva e corretiva, com o objetivo de aumentar a vida \u00fatil dos equipamentos e evitar problemas que possam comprometer o conforto dos usu\u00e1rios.<\/p>\n<p>Com um compromisso em oferecer solu\u00e7\u00f5es de qualidade, a OSJ Climatiza\u00e7\u00e3o tem como miss\u00e3o proporcionar um ambiente agrad\u00e1vel e confort\u00e1vel para seus clientes. A empresa busca sempre se atualizar e acompanhar as tend\u00eancias do mercado, com o objetivo de oferecer servi\u00e7os cada vez mais eficientes e satisfat\u00f3rios.<\/p>\t\t\t\t\t\t<\/div>\n\t\t\t\t<\/div>\n\t\t\t\t\t<\/div>\n\t\t<\/div>\n\t\t\t\t\t\t\t<\/div>\n\t\t<\/section>\n\t\t\t\t<section class=\"elementor-section elementor-top-section elementor-element elementor-element-53a65e5 elementor-section-full_width elementor-section-content-middle elementor-section-height-default elementor-section-height-default\" data-id=\"53a65e5\" data-element_type=\"section\">\n\t\t\t\t\t\t<div class=\"elementor-container elementor-column-gap-default\">\n\t\t\t\t\t<div class=\"elementor-column elementor-col-100 elementor-top-column elementor-element elementor-element-28f9d1e\" data-id=\"28f9d1e\" data-element_type=\"column\">\n\t\t\t<div class=\"elementor-widget-wrap elementor-element-populated\">\n\t\t\t\t\t\t\t\t<div class=\"elementor-element elementor-element-92d71c6 gallery-spacing-custom elementor-widget__width-initial elementor-widget elementor-widget-image-gallery\" data-id=\"92d71c6\" data-element_type=\"widget\" data-widget_type=\"image-gallery.default\">\n\t\t\t\t<div class=\"elementor-widget-container\">\n\t\t\t<style>\/*! elementor - v3.12.1 - 02-04-2023 *\/\n.elementor-image-gallery .gallery-item{display:inline-block;text-align:center;vertical-align:top;width:100%;max-width:100%;margin:0 auto}.elementor-image-gallery .gallery-item img{margin:0 auto}.elementor-image-gallery .gallery-item .gallery-caption{margin:0}.elementor-image-gallery figure img{display:block}.elementor-image-gallery figure figcaption{width:100%}.gallery-spacing-custom .elementor-image-gallery .gallery-icon{padding:0}@media (min-width:768px){.elementor-image-gallery .gallery-columns-2 .gallery-item{max-width:50%}.elementor-image-gallery .gallery-columns-3 .gallery-item{max-width:33.33%}.elementor-image-gallery .gallery-columns-4 .gallery-item{max-width:25%}.elementor-image-gallery .gallery-columns-5 .gallery-item{max-width:20%}.elementor-image-gallery .gallery-columns-6 .gallery-item{max-width:16.666%}.elementor-image-gallery .gallery-columns-7 .gallery-item{max-width:14.28%}.elementor-image-gallery .gallery-columns-8 .gallery-item{max-width:12.5%}.elementor-image-gallery .gallery-columns-9 .gallery-item{max-width:11.11%}.elementor-image-gallery .gallery-columns-10 .gallery-item{max-width:10%}}@media (min-width:480px) and (max-width:767px){.elementor-image-gallery .gallery.gallery-columns-2 .gallery-item,.elementor-image-gallery .gallery.gallery-columns-3 .gallery-item,.elementor-image-gallery .gallery.gallery-columns-4 .gallery-item,.elementor-image-gallery .gallery.gallery-columns-5 .gallery-item,.elementor-image-gallery .gallery.gallery-columns-6 .gallery-item,.elementor-image-gallery .gallery.gallery-columns-7 .gallery-item,.elementor-image-gallery .gallery.gallery-columns-8 .gallery-item,.elementor-image-gallery .gallery.gallery-columns-9 .gallery-item,.elementor-image-gallery .gallery.gallery-columns-10 .gallery-item{max-width:50%}}@media (max-width:479px){.elementor-image-gallery .gallery.gallery-columns-2 .gallery-item,.elementor-image-gallery .gallery.gallery-columns-3 .gallery-item,.elementor-image-gallery .gallery.gallery-columns-4 .gallery-item,.elementor-image-gallery .gallery.gallery-columns-5 .gallery-item,.elementor-image-gallery .gallery.gallery-columns-6 .gallery-item,.elementor-image-gallery .gallery.gallery-columns-7 .gallery-item,.elementor-image-gallery .gallery.gallery-columns-8 .gallery-item,.elementor-image-gallery .gallery.gallery-columns-9 .gallery-item,.elementor-image-gallery .gallery.gallery-columns-10 .gallery-item{max-width:100%}}<\/style>\t\t<div class=\"elementor-image-gallery\">\n\t\t\t<div id='gallery-1' class='gallery galleryid-105 gallery-columns-3 gallery-size-full'><figure class='gallery-item'>\n\t\t\t<div class='gallery-icon landscape'>\n\t\t\t\t<a data-elementor-open-lightbox=\"yes\" data-elementor-lightbox-slideshow=\"92d71c6\" data-elementor-lightbox-title=\"ar condicionado instala\u00e7\u00e3o manuten\u00e7\u00e3o (1)\" data-e-action-hash=\"#elementor-action%3Aaction%3Dlightbox%26settings%3DeyJpZCI6MTIwLCJ1cmwiOiJodHRwczpcL1wvb3NqY2xpbWF0aXphY2FvLmNvbS5iclwvd3AtY29udGVudFwvdXBsb2Fkc1wvMjAyM1wvMDRcL2FyLWNvbmRpY2lvbmFkby1pbnN0YWxhY2FvLW1hbnV0ZW5jYW8tMS0xLnBuZyIsInNsaWRlc2hvdyI6IjkyZDcxYzYifQ%3D%3D\" href='https:\/\/osjclimatizacao.com.br\/wp-content\/uploads\/2023\/04\/ar-condicionado-instalacao-manutencao-1-1.png'><img width=\"1080\" height=\"1080\" src=\"https:\/\/osjclimatizacao.com.br\/wp-content\/uploads\/2023\/04\/ar-condicionado-instalacao-manutencao-1-1.png\" class=\"attachment-full size-full\" alt=\"\" decoding=\"async\" loading=\"lazy\" srcset=\"https:\/\/osjclimatizacao.com.br\/wp-content\/uploads\/2023\/04\/ar-condicionado-instalacao-manutencao-1-1.png 1080w, https:\/\/osjclimatizacao.com.br\/wp-content\/uploads\/2023\/04\/ar-condicionado-instalacao-manutencao-1-1-300x300.png 300w, https:\/\/osjclimatizacao.com.br\/wp-content\/uploads\/2023\/04\/ar-condicionado-instalacao-manutencao-1-1-1024x1024.png 1024w, https:\/\/osjclimatizacao.com.br\/wp-content\/uploads\/2023\/04\/ar-condicionado-instalacao-manutencao-1-1-150x150.png 150w, https:\/\/osjclimatizacao.com.br\/wp-content\/uploads\/2023\/04\/ar-condicionado-instalacao-manutencao-1-1-768x768.png 768w\" sizes=\"(max-width: 1080px) 100vw, 1080px\" \/><\/a>\n\t\t\t<\/div><\/figure><figure class='gallery-item'>\n\t\t\t<div class='gallery-icon landscape'>\n\t\t\t\t<a data-elementor-open-lightbox=\"yes\" data-elementor-lightbox-slideshow=\"92d71c6\" data-elementor-lightbox-title=\"ar condicionado instala\u00e7\u00e3o manuten\u00e7\u00e3o (2)\" data-e-action-hash=\"#elementor-action%3Aaction%3Dlightbox%26settings%3DeyJpZCI6MTIxLCJ1cmwiOiJodHRwczpcL1wvb3NqY2xpbWF0aXphY2FvLmNvbS5iclwvd3AtY29udGVudFwvdXBsb2Fkc1wvMjAyM1wvMDRcL2FyLWNvbmRpY2lvbmFkby1pbnN0YWxhY2FvLW1hbnV0ZW5jYW8tMi0xLnBuZyIsInNsaWRlc2hvdyI6IjkyZDcxYzYifQ%3D%3D\" href='https:\/\/osjclimatizacao.com.br\/wp-content\/uploads\/2023\/04\/ar-condicionado-instalacao-manutencao-2-1.png'><img width=\"1080\" height=\"1080\" src=\"https:\/\/osjclimatizacao.com.br\/wp-content\/uploads\/2023\/04\/ar-condicionado-instalacao-manutencao-2-1.png\" class=\"attachment-full size-full\" alt=\"\" decoding=\"async\" loading=\"lazy\" srcset=\"https:\/\/osjclimatizacao.com.br\/wp-content\/uploads\/2023\/04\/ar-condicionado-instalacao-manutencao-2-1.png 1080w, https:\/\/osjclimatizacao.com.br\/wp-content\/uploads\/2023\/04\/ar-condicionado-instalacao-manutencao-2-1-300x300.png 300w, https:\/\/osjclimatizacao.com.br\/wp-content\/uploads\/2023\/04\/ar-condicionado-instalacao-manutencao-2-1-1024x1024.png 1024w, https:\/\/osjclimatizacao.com.br\/wp-content\/uploads\/2023\/04\/ar-condicionado-instalacao-manutencao-2-1-150x150.png 150w, https:\/\/osjclimatizacao.com.br\/wp-content\/uploads\/2023\/04\/ar-condicionado-instalacao-manutencao-2-1-768x768.png 768w\" sizes=\"(max-width: 1080px) 100vw, 1080px\" \/><\/a>\n\t\t\t<\/div><\/figure><figure class='gallery-item'>\n\t\t\t<div class='gallery-icon landscape'>\n\t\t\t\t<a data-elementor-open-lightbox=\"yes\" data-elementor-lightbox-slideshow=\"92d71c6\" data-elementor-lightbox-title=\"ar condicionado instala\u00e7\u00e3o manuten\u00e7\u00e3o (3)\" data-e-action-hash=\"#elementor-action%3Aaction%3Dlightbox%26settings%3DeyJpZCI6MTIyLCJ1cmwiOiJodHRwczpcL1wvb3NqY2xpbWF0aXphY2FvLmNvbS5iclwvd3AtY29udGVudFwvdXBsb2Fkc1wvMjAyM1wvMDRcL2FyLWNvbmRpY2lvbmFkby1pbnN0YWxhY2FvLW1hbnV0ZW5jYW8tMy0xLnBuZyIsInNsaWRlc2hvdyI6IjkyZDcxYzYifQ%3D%3D\" href='https:\/\/osjclimatizacao.com.br\/wp-content\/uploads\/2023\/04\/ar-condicionado-instalacao-manutencao-3-1.png'><img width=\"1080\" height=\"1080\" src=\"https:\/\/osjclimatizacao.com.br\/wp-content\/uploads\/2023\/04\/ar-condicionado-instalacao-manutencao-3-1.png\" class=\"attachment-full size-full\" alt=\"\" decoding=\"async\" loading=\"lazy\" srcset=\"https:\/\/osjclimatizacao.com.br\/wp-content\/uploads\/2023\/04\/ar-condicionado-instalacao-manutencao-3-1.png 1080w, https:\/\/osjclimatizacao.com.br\/wp-content\/uploads\/2023\/04\/ar-condicionado-instalacao-manutencao-3-1-300x300.png 300w, https:\/\/osjclimatizacao.com.br\/wp-content\/uploads\/2023\/04\/ar-condicionado-instalacao-manutencao-3-1-1024x1024.png 1024w, https:\/\/osjclimatizacao.com.br\/wp-content\/uploads\/2023\/04\/ar-condicionado-instalacao-manutencao-3-1-150x150.png 150w, https:\/\/osjclimatizacao.com.br\/wp-content\/uploads\/2023\/04\/ar-condicionado-instalacao-manutencao-3-1-768x768.png 768w\" sizes=\"(max-width: 1080px) 100vw, 1080px\" \/><\/a>\n\t\t\t<\/div><\/figure><figure class='gallery-item'>\n\t\t\t<div class='gallery-icon landscape'>\n\t\t\t\t<a data-elementor-open-lightbox=\"yes\" data-elementor-lightbox-slideshow=\"92d71c6\" data-elementor-lightbox-title=\"ar condicionado instala\u00e7\u00e3o manuten\u00e7\u00e3o (4)\" data-e-action-hash=\"#elementor-action%3Aaction%3Dlightbox%26settings%3DeyJpZCI6MTIzLCJ1cmwiOiJodHRwczpcL1wvb3NqY2xpbWF0aXphY2FvLmNvbS5iclwvd3AtY29udGVudFwvdXBsb2Fkc1wvMjAyM1wvMDRcL2FyLWNvbmRpY2lvbmFkby1pbnN0YWxhY2FvLW1hbnV0ZW5jYW8tNC0xLnBuZyIsInNsaWRlc2hvdyI6IjkyZDcxYzYifQ%3D%3D\" href='https:\/\/osjclimatizacao.com.br\/wp-content\/uploads\/2023\/04\/ar-condicionado-instalacao-manutencao-4-1.png'><img width=\"1080\" height=\"1080\" src=\"https:\/\/osjclimatizacao.com.br\/wp-content\/uploads\/2023\/04\/ar-condicionado-instalacao-manutencao-4-1.png\" class=\"attachment-full size-full\" alt=\"\" decoding=\"async\" loading=\"lazy\" srcset=\"https:\/\/osjclimatizacao.com.br\/wp-content\/uploads\/2023\/04\/ar-condicionado-instalacao-manutencao-4-1.png 1080w, https:\/\/osjclimatizacao.com.br\/wp-content\/uploads\/2023\/04\/ar-condicionado-instalacao-manutencao-4-1-300x300.png 300w, https:\/\/osjclimatizacao.com.br\/wp-content\/uploads\/2023\/04\/ar-condicionado-instalacao-manutencao-4-1-1024x1024.png 1024w, https:\/\/osjclimatizacao.com.br\/wp-content\/uploads\/2023\/04\/ar-condicionado-instalacao-manutencao-4-1-150x150.png 150w, https:\/\/osjclimatizacao.com.br\/wp-content\/uploads\/2023\/04\/ar-condicionado-instalacao-manutencao-4-1-768x768.png 768w\" sizes=\"(max-width: 1080px) 100vw, 1080px\" \/><\/a>\n\t\t\t<\/div><\/figure><figure class='gallery-item'>\n\t\t\t<div class='gallery-icon landscape'>\n\t\t\t\t<a data-elementor-open-lightbox=\"yes\" data-elementor-lightbox-slideshow=\"92d71c6\" data-elementor-lightbox-title=\"ar condicionado instala\u00e7\u00e3o manuten\u00e7\u00e3o (5)\" data-e-action-hash=\"#elementor-action%3Aaction%3Dlightbox%26settings%3DeyJpZCI6MTI0LCJ1cmwiOiJodHRwczpcL1wvb3NqY2xpbWF0aXphY2FvLmNvbS5iclwvd3AtY29udGVudFwvdXBsb2Fkc1wvMjAyM1wvMDRcL2FyLWNvbmRpY2lvbmFkby1pbnN0YWxhY2FvLW1hbnV0ZW5jYW8tNS0xLnBuZyIsInNsaWRlc2hvdyI6IjkyZDcxYzYifQ%3D%3D\" href='https:\/\/osjclimatizacao.com.br\/wp-content\/uploads\/2023\/04\/ar-condicionado-instalacao-manutencao-5-1.png'><img width=\"1080\" height=\"1080\" src=\"https:\/\/osjclimatizacao.com.br\/wp-content\/uploads\/2023\/04\/ar-condicionado-instalacao-manutencao-5-1.png\" class=\"attachment-full size-full\" alt=\"\" decoding=\"async\" loading=\"lazy\" srcset=\"https:\/\/osjclimatizacao.com.br\/wp-content\/uploads\/2023\/04\/ar-condicionado-instalacao-manutencao-5-1.png 1080w, https:\/\/osjclimatizacao.com.br\/wp-content\/uploads\/2023\/04\/ar-condicionado-instalacao-manutencao-5-1-300x300.png 300w, https:\/\/osjclimatizacao.com.br\/wp-content\/uploads\/2023\/04\/ar-condicionado-instalacao-manutencao-5-1-1024x1024.png 1024w, https:\/\/osjclimatizacao.com.br\/wp-content\/uploads\/2023\/04\/ar-condicionado-instalacao-manutencao-5-1-150x150.png 150w, https:\/\/osjclimatizacao.com.br\/wp-content\/uploads\/2023\/04\/ar-condicionado-instalacao-manutencao-5-1-768x768.png 768w\" sizes=\"(max-width: 1080px) 100vw, 1080px\" \/><\/a>\n\t\t\t<\/div><\/figure><figure class='gallery-item'>\n\t\t\t<div class='gallery-icon landscape'>\n\t\t\t\t<a data-elementor-open-lightbox=\"yes\" data-elementor-lightbox-slideshow=\"92d71c6\" data-elementor-lightbox-title=\"ar condicionado instala\u00e7\u00e3o manuten\u00e7\u00e3o (6)\" data-e-action-hash=\"#elementor-action%3Aaction%3Dlightbox%26settings%3DeyJpZCI6MTI1LCJ1cmwiOiJodHRwczpcL1wvb3NqY2xpbWF0aXphY2FvLmNvbS5iclwvd3AtY29udGVudFwvdXBsb2Fkc1wvMjAyM1wvMDRcL2FyLWNvbmRpY2lvbmFkby1pbnN0YWxhY2FvLW1hbnV0ZW5jYW8tNi0xLnBuZyIsInNsaWRlc2hvdyI6IjkyZDcxYzYifQ%3D%3D\" href='https:\/\/osjclimatizacao.com.br\/wp-content\/uploads\/2023\/04\/ar-condicionado-instalacao-manutencao-6-1.png'><img width=\"1080\" height=\"1080\" src=\"https:\/\/osjclimatizacao.com.br\/wp-content\/uploads\/2023\/04\/ar-condicionado-instalacao-manutencao-6-1.png\" class=\"attachment-full size-full\" alt=\"\" decoding=\"async\" loading=\"lazy\" srcset=\"https:\/\/osjclimatizacao.com.br\/wp-content\/uploads\/2023\/04\/ar-condicionado-instalacao-manutencao-6-1.png 1080w, https:\/\/osjclimatizacao.com.br\/wp-content\/uploads\/2023\/04\/ar-condicionado-instalacao-manutencao-6-1-300x300.png 300w, https:\/\/osjclimatizacao.com.br\/wp-content\/uploads\/2023\/04\/ar-condicionado-instalacao-manutencao-6-1-1024x1024.png 1024w, https:\/\/osjclimatizacao.com.br\/wp-content\/uploads\/2023\/04\/ar-condicionado-instalacao-manutencao-6-1-150x150.png 150w, https:\/\/osjclimatizacao.com.br\/wp-content\/uploads\/2023\/04\/ar-condicionado-instalacao-manutencao-6-1-768x768.png 768w\" sizes=\"(max-width: 1080px) 100vw, 1080px\" \/><\/a>\n\t\t\t<\/div><\/figure>\n\t\t<\/div>\n\t\t<\/div>\n\t\t\t\t<\/div>\n\t\t\t\t<\/div>\n\t\t\t\t\t<\/div>\n\t\t<\/div>\n\t\t\t\t\t\t\t<\/div>\n\t\t<\/section>\n\t\t\t\t\t\t\t<\/div>\n\t\t","protected":false},"excerpt":{"rendered":"<p>Sobre a OSJ Ao trabalhar com a OSJ Climatiza\u00e7\u00e3o, os clientes t\u00eam acesso a uma equipe de profissionais altamente capacitados, que s\u00e3o treinados para oferecer um atendimento personalizado e entender as necessidades espec\u00edficas de cada cliente. A empresa trabalha com as principais marcas do mercado, o que garante a qualidade dos equipamentos instalados. No que [&hellip;]<\/p>\n","protected":false},"author":1,"featured_media":0,"parent":0,"menu_order":0,"comment_status":"closed","ping_status":"closed","template":"elementor_header_footer","meta":[],"_links":{"self":[{"href":"https:\/\/osjclimatizacao.com.br\/index.php\/wp-json\/wp\/v2\/pages\/105"}],"collection":[{"href":"https:\/\/osjclimatizacao.com.br\/index.php\/wp-json\/wp\/v2\/pages"}],"about":[{"href":"https:\/\/osjclimatizacao.com.br\/index.php\/wp-json\/wp\/v2\/types\/page"}],"author":[{"embeddable":true,"href":"https:\/\/osjclimatizacao.com.br\/index.php\/wp-json\/wp\/v2\/users\/1"}],"replies":[{"embeddable":true,"href":"https:\/\/osjclimatizacao.com.br\/index.php\/wp-json\/wp\/v2\/comments?post=105"}],"version-history":[{"count":7,"href":"https:\/\/osjclimatizacao.com.br\/index.php\/wp-json\/wp\/v2\/pages\/105\/revisions"}],"predecessor-version":[{"id":287,"href":"https:\/\/osjclimatizacao.com.br\/index.php\/wp-json\/wp\/v2\/pages\/105\/revisions\/287"}],"wp:attachment":[{"href":"https:\/\/osjclimatizacao.com.br\/index.php\/wp-json\/wp\/v2\/media?parent=105"}],"curies":[{"name":"wp","href":"https:\/\/api.w.org\/{rel}","templated":true}]}}