{"id":147,"date":"2023-04-19T15:30:13","date_gmt":"2023-04-19T18:30:13","guid":{"rendered":"https:\/\/osjclimatizacao.com.br\/?page_id=147"},"modified":"2023-04-19T16:29:27","modified_gmt":"2023-04-19T19:29:27","slug":"produtos","status":"publish","type":"page","link":"https:\/\/osjclimatizacao.com.br\/index.php\/produtos\/","title":{"rendered":"Produtos"},"content":{"rendered":"\t\t<div data-elementor-type=\"wp-page\" data-elementor-id=\"147\" class=\"elementor elementor-147\">\n\t\t\t\t\t\t\t\t\t<section class=\"elementor-section elementor-top-section elementor-element elementor-element-6002def elementor-section-boxed elementor-section-height-default elementor-section-height-default\" data-id=\"6002def\" data-element_type=\"section\" data-settings=\"{&quot;background_background&quot;:&quot;classic&quot;}\">\n\t\t\t\t\t\t<div class=\"elementor-container elementor-column-gap-default\">\n\t\t\t\t\t<div class=\"elementor-column elementor-col-100 elementor-top-column elementor-element elementor-element-d6b4509\" data-id=\"d6b4509\" data-element_type=\"column\">\n\t\t\t<div class=\"elementor-widget-wrap elementor-element-populated\">\n\t\t\t\t\t\t\t\t<div class=\"elementor-element elementor-element-2f62ce6 elementor-widget elementor-widget-heading\" data-id=\"2f62ce6\" data-element_type=\"widget\" data-widget_type=\"heading.default\">\n\t\t\t\t<div class=\"elementor-widget-container\">\n\t\t\t<style>\/*! elementor - v3.12.1 - 02-04-2023 *\/\n.elementor-heading-title{padding:0;margin:0;line-height:1}.elementor-widget-heading .elementor-heading-title[class*=elementor-size-]>a{color:inherit;font-size:inherit;line-height:inherit}.elementor-widget-heading .elementor-heading-title.elementor-size-small{font-size:15px}.elementor-widget-heading .elementor-heading-title.elementor-size-medium{font-size:19px}.elementor-widget-heading .elementor-heading-title.elementor-size-large{font-size:29px}.elementor-widget-heading .elementor-heading-title.elementor-size-xl{font-size:39px}.elementor-widget-heading .elementor-heading-title.elementor-size-xxl{font-size:59px}<\/style><h2 class=\"elementor-heading-title elementor-size-default\">Ar condicionado<\/h2>\t\t<\/div>\n\t\t\t\t<\/div>\n\t\t\t\t<div class=\"elementor-element elementor-element-d075e04 elementor-widget elementor-widget-image\" data-id=\"d075e04\" data-element_type=\"widget\" data-widget_type=\"image.default\">\n\t\t\t\t<div class=\"elementor-widget-container\">\n\t\t\t<style>\/*! elementor - v3.12.1 - 02-04-2023 *\/\n.elementor-widget-image{text-align:center}.elementor-widget-image a{display:inline-block}.elementor-widget-image a img[src$=\".svg\"]{width:48px}.elementor-widget-image img{vertical-align:middle;display:inline-block}<\/style>\t\t\t\t\t\t\t\t\t\t\t\t<img decoding=\"async\" width=\"585\" height=\"426\" src=\"https:\/\/osjclimatizacao.com.br\/wp-content\/uploads\/2023\/04\/201131237-removebg-preview.png\" class=\"attachment-large size-large wp-image-151\" alt=\"\" loading=\"lazy\" srcset=\"https:\/\/osjclimatizacao.com.br\/wp-content\/uploads\/2023\/04\/201131237-removebg-preview.png 585w, https:\/\/osjclimatizacao.com.br\/wp-content\/uploads\/2023\/04\/201131237-removebg-preview-300x218.png 300w\" sizes=\"(max-width: 585px) 100vw, 585px\" \/>\t\t\t\t\t\t\t\t\t\t\t\t\t\t\t<\/div>\n\t\t\t\t<\/div>\n\t\t\t\t\t<\/div>\n\t\t<\/div>\n\t\t\t\t\t\t\t<\/div>\n\t\t<\/section>\n\t\t\t\t<section class=\"elementor-section elementor-top-section elementor-element elementor-element-5db3458 elementor-section-full_width elementor-section-height-default elementor-section-height-default\" data-id=\"5db3458\" data-element_type=\"section\">\n\t\t\t\t\t\t<div class=\"elementor-container elementor-column-gap-default\">\n\t\t\t\t\t<div class=\"elementor-column elementor-col-50 elementor-top-column elementor-element elementor-element-ac3564a\" data-id=\"ac3564a\" data-element_type=\"column\" data-settings=\"{&quot;background_background&quot;:&quot;classic&quot;}\">\n\t\t\t<div class=\"elementor-widget-wrap elementor-element-populated\">\n\t\t\t\t\t\t\t\t<div class=\"elementor-element elementor-element-46b1570 elementor-widget elementor-widget-heading\" data-id=\"46b1570\" data-element_type=\"widget\" data-widget_type=\"heading.default\">\n\t\t\t\t<div class=\"elementor-widget-container\">\n\t\t\t<h2 class=\"elementor-heading-title elementor-size-default\">Multi <\/h2>\t\t<\/div>\n\t\t\t\t<\/div>\n\t\t\t\t<div class=\"elementor-element elementor-element-90edf04 elementor-widget elementor-widget-image\" data-id=\"90edf04\" data-element_type=\"widget\" data-widget_type=\"image.default\">\n\t\t\t\t<div class=\"elementor-widget-container\">\n\t\t\t\t\t\t\t\t\t\t\t\t\t\t\t<img decoding=\"async\" width=\"225\" height=\"225\" src=\"https:\/\/osjclimatizacao.com.br\/wp-content\/uploads\/2023\/04\/images-removebg-preview.png\" class=\"attachment-large size-large wp-image-161\" alt=\"\" loading=\"lazy\" srcset=\"https:\/\/osjclimatizacao.com.br\/wp-content\/uploads\/2023\/04\/images-removebg-preview.png 225w, https:\/\/osjclimatizacao.com.br\/wp-content\/uploads\/2023\/04\/images-removebg-preview-150x150.png 150w\" sizes=\"(max-width: 225px) 100vw, 225px\" \/>\t\t\t\t\t\t\t\t\t\t\t\t\t\t\t<\/div>\n\t\t\t\t<\/div>\n\t\t\t\t\t<\/div>\n\t\t<\/div>\n\t\t\t\t<div class=\"elementor-column elementor-col-50 elementor-top-column elementor-element elementor-element-d7ad213\" data-id=\"d7ad213\" data-element_type=\"column\" data-settings=\"{&quot;background_background&quot;:&quot;classic&quot;}\">\n\t\t\t<div class=\"elementor-widget-wrap elementor-element-populated\">\n\t\t\t\t\t\t\t\t<div class=\"elementor-element elementor-element-5c6f812 elementor-widget elementor-widget-heading\" data-id=\"5c6f812\" data-element_type=\"widget\" data-widget_type=\"heading.default\">\n\t\t\t\t<div class=\"elementor-widget-container\">\n\t\t\t<h2 class=\"elementor-heading-title elementor-size-default\">Split Hi Wall<\/h2>\t\t<\/div>\n\t\t\t\t<\/div>\n\t\t\t\t<div class=\"elementor-element elementor-element-86334d3 elementor-widget elementor-widget-image\" data-id=\"86334d3\" data-element_type=\"widget\" data-widget_type=\"image.default\">\n\t\t\t\t<div class=\"elementor-widget-container\">\n\t\t\t\t\t\t\t\t\t\t\t\t\t\t\t<img decoding=\"async\" width=\"466\" height=\"378\" src=\"https:\/\/osjclimatizacao.com.br\/wp-content\/uploads\/2023\/04\/split-hi-wall-ar-condicionado-2-removebg-preview.png\" class=\"attachment-large size-large wp-image-162\" alt=\"\" loading=\"lazy\" srcset=\"https:\/\/osjclimatizacao.com.br\/wp-content\/uploads\/2023\/04\/split-hi-wall-ar-condicionado-2-removebg-preview.png 466w, https:\/\/osjclimatizacao.com.br\/wp-content\/uploads\/2023\/04\/split-hi-wall-ar-condicionado-2-removebg-preview-300x243.png 300w\" sizes=\"(max-width: 466px) 100vw, 466px\" \/>\t\t\t\t\t\t\t\t\t\t\t\t\t\t\t<\/div>\n\t\t\t\t<\/div>\n\t\t\t\t\t<\/div>\n\t\t<\/div>\n\t\t\t\t\t\t\t<\/div>\n\t\t<\/section>\n\t\t\t\t<section class=\"elementor-section elementor-top-section elementor-element elementor-element-f5de580 elementor-section-full_width elementor-section-height-default elementor-section-height-default\" data-id=\"f5de580\" data-element_type=\"section\">\n\t\t\t\t\t\t<div class=\"elementor-container elementor-column-gap-default\">\n\t\t\t\t\t<div class=\"elementor-column elementor-col-50 elementor-top-column elementor-element elementor-element-60bf7e5\" data-id=\"60bf7e5\" data-element_type=\"column\" data-settings=\"{&quot;background_background&quot;:&quot;classic&quot;}\">\n\t\t\t<div class=\"elementor-widget-wrap elementor-element-populated\">\n\t\t\t\t\t\t\t\t<div class=\"elementor-element elementor-element-0330262 elementor-widget elementor-widget-heading\" data-id=\"0330262\" data-element_type=\"widget\" data-widget_type=\"heading.default\">\n\t\t\t\t<div class=\"elementor-widget-container\">\n\t\t\t<h2 class=\"elementor-heading-title elementor-size-default\">Piso teto \n<\/h2>\t\t<\/div>\n\t\t\t\t<\/div>\n\t\t\t\t<div class=\"elementor-element elementor-element-ebe564a elementor-widget__width-initial elementor-widget elementor-widget-image\" data-id=\"ebe564a\" data-element_type=\"widget\" data-widget_type=\"image.default\">\n\t\t\t\t<div class=\"elementor-widget-container\">\n\t\t\t\t\t\t\t\t\t\t\t\t\t\t\t<img decoding=\"async\" width=\"500\" height=\"500\" src=\"https:\/\/osjclimatizacao.com.br\/wp-content\/uploads\/2023\/04\/piso-teto-space-carrier-003-strar-removebg-preview.png\" class=\"attachment-large size-large wp-image-158\" alt=\"\" loading=\"lazy\" srcset=\"https:\/\/osjclimatizacao.com.br\/wp-content\/uploads\/2023\/04\/piso-teto-space-carrier-003-strar-removebg-preview.png 500w, https:\/\/osjclimatizacao.com.br\/wp-content\/uploads\/2023\/04\/piso-teto-space-carrier-003-strar-removebg-preview-300x300.png 300w, https:\/\/osjclimatizacao.com.br\/wp-content\/uploads\/2023\/04\/piso-teto-space-carrier-003-strar-removebg-preview-150x150.png 150w\" sizes=\"(max-width: 500px) 100vw, 500px\" \/>\t\t\t\t\t\t\t\t\t\t\t\t\t\t\t<\/div>\n\t\t\t\t<\/div>\n\t\t\t\t\t<\/div>\n\t\t<\/div>\n\t\t\t\t<div class=\"elementor-column elementor-col-50 elementor-top-column elementor-element elementor-element-aeb508b\" data-id=\"aeb508b\" data-element_type=\"column\" data-settings=\"{&quot;background_background&quot;:&quot;classic&quot;}\">\n\t\t\t<div class=\"elementor-widget-wrap elementor-element-populated\">\n\t\t\t\t\t\t\t\t<div class=\"elementor-element elementor-element-df7df5a elementor-widget elementor-widget-heading\" data-id=\"df7df5a\" data-element_type=\"widget\" data-widget_type=\"heading.default\">\n\t\t\t\t<div class=\"elementor-widget-container\">\n\t\t\t<h2 class=\"elementor-heading-title elementor-size-default\">Cassete <\/h2>\t\t<\/div>\n\t\t\t\t<\/div>\n\t\t\t\t<div class=\"elementor-element elementor-element-f5a8270 elementor-widget elementor-widget-image\" data-id=\"f5a8270\" data-element_type=\"widget\" data-widget_type=\"image.default\">\n\t\t\t\t<div class=\"elementor-widget-container\">\n\t\t\t\t\t\t\t\t\t\t\t\t\t\t\t<img decoding=\"async\" width=\"423\" height=\"335\" src=\"https:\/\/osjclimatizacao.com.br\/wp-content\/uploads\/2023\/04\/cassete-carrier-strar-removebg-preview-e1681929967905.png\" class=\"attachment-large size-large wp-image-152\" alt=\"\" loading=\"lazy\" srcset=\"https:\/\/osjclimatizacao.com.br\/wp-content\/uploads\/2023\/04\/cassete-carrier-strar-removebg-preview-e1681929967905.png 423w, https:\/\/osjclimatizacao.com.br\/wp-content\/uploads\/2023\/04\/cassete-carrier-strar-removebg-preview-e1681929967905-300x238.png 300w\" sizes=\"(max-width: 423px) 100vw, 423px\" \/>\t\t\t\t\t\t\t\t\t\t\t\t\t\t\t<\/div>\n\t\t\t\t<\/div>\n\t\t\t\t\t<\/div>\n\t\t<\/div>\n\t\t\t\t\t\t\t<\/div>\n\t\t<\/section>\n\t\t\t\t<section class=\"elementor-section elementor-top-section elementor-element elementor-element-d5a7065 elementor-section-boxed elementor-section-height-default elementor-section-height-default\" data-id=\"d5a7065\" data-element_type=\"section\">\n\t\t\t\t\t\t<div class=\"elementor-container elementor-column-gap-default\">\n\t\t\t\t\t<div class=\"elementor-column elementor-col-100 elementor-top-column elementor-element elementor-element-bb25294\" data-id=\"bb25294\" data-element_type=\"column\">\n\t\t\t<div class=\"elementor-widget-wrap elementor-element-populated\">\n\t\t\t\t\t\t\t\t<div class=\"elementor-element elementor-element-2f56720 elementor-widget elementor-widget-heading\" data-id=\"2f56720\" data-element_type=\"widget\" data-widget_type=\"heading.default\">\n\t\t\t\t<div class=\"elementor-widget-container\">\n\t\t\t<h2 class=\"elementor-heading-title elementor-size-default\">Principais Marcas<\/h2>\t\t<\/div>\n\t\t\t\t<\/div>\n\t\t\t\t<div class=\"elementor-element elementor-element-ea59a68 elementor-widget elementor-widget-image\" data-id=\"ea59a68\" data-element_type=\"widget\" data-widget_type=\"image.default\">\n\t\t\t\t<div class=\"elementor-widget-container\">\n\t\t\t\t\t\t\t\t\t\t\t\t\t\t\t<img decoding=\"async\" width=\"645\" height=\"387\" src=\"https:\/\/osjclimatizacao.com.br\/wp-content\/uploads\/2023\/04\/kisspng-samsung-electronics-logo-advertising-industry-logo-samsung-5b32e6a8b6b7a8.0291871415300625047484-removebg-preview.png\" class=\"attachment-large size-large wp-image-173\" alt=\"\" loading=\"lazy\" srcset=\"https:\/\/osjclimatizacao.com.br\/wp-content\/uploads\/2023\/04\/kisspng-samsung-electronics-logo-advertising-industry-logo-samsung-5b32e6a8b6b7a8.0291871415300625047484-removebg-preview.png 645w, https:\/\/osjclimatizacao.com.br\/wp-content\/uploads\/2023\/04\/kisspng-samsung-electronics-logo-advertising-industry-logo-samsung-5b32e6a8b6b7a8.0291871415300625047484-removebg-preview-300x180.png 300w\" sizes=\"(max-width: 645px) 100vw, 645px\" \/>\t\t\t\t\t\t\t\t\t\t\t\t\t\t\t<\/div>\n\t\t\t\t<\/div>\n\t\t\t\t<section class=\"elementor-section elementor-inner-section elementor-element elementor-element-3cc1983 elementor-section-boxed elementor-section-height-default elementor-section-height-default\" data-id=\"3cc1983\" data-element_type=\"section\">\n\t\t\t\t\t\t<div class=\"elementor-container elementor-column-gap-default\">\n\t\t\t\t\t<div class=\"elementor-column elementor-col-50 elementor-inner-column elementor-element elementor-element-edd60e8\" data-id=\"edd60e8\" data-element_type=\"column\">\n\t\t\t<div class=\"elementor-widget-wrap elementor-element-populated\">\n\t\t\t\t\t\t\t\t<div class=\"elementor-element elementor-element-6a49201 elementor-widget elementor-widget-image\" data-id=\"6a49201\" data-element_type=\"widget\" data-widget_type=\"image.default\">\n\t\t\t\t<div class=\"elementor-widget-container\">\n\t\t\t\t\t\t\t\t\t\t\t\t\t\t\t<img decoding=\"async\" width=\"338\" height=\"149\" src=\"https:\/\/osjclimatizacao.com.br\/wp-content\/uploads\/2023\/04\/download-removebg-preview-22.png\" class=\"attachment-large size-large wp-image-177\" alt=\"\" loading=\"lazy\" srcset=\"https:\/\/osjclimatizacao.com.br\/wp-content\/uploads\/2023\/04\/download-removebg-preview-22.png 338w, https:\/\/osjclimatizacao.com.br\/wp-content\/uploads\/2023\/04\/download-removebg-preview-22-300x132.png 300w\" sizes=\"(max-width: 338px) 100vw, 338px\" \/>\t\t\t\t\t\t\t\t\t\t\t\t\t\t\t<\/div>\n\t\t\t\t<\/div>\n\t\t\t\t<div class=\"elementor-element elementor-element-b98895a elementor-widget elementor-widget-image\" data-id=\"b98895a\" data-element_type=\"widget\" data-widget_type=\"image.default\">\n\t\t\t\t<div class=\"elementor-widget-container\">\n\t\t\t\t\t\t\t\t\t\t\t\t\t\t\t<img decoding=\"async\" width=\"355\" height=\"142\" src=\"https:\/\/osjclimatizacao.com.br\/wp-content\/uploads\/2023\/04\/download-removebg-preview-23.png\" class=\"attachment-large size-large wp-image-178\" alt=\"\" loading=\"lazy\" srcset=\"https:\/\/osjclimatizacao.com.br\/wp-content\/uploads\/2023\/04\/download-removebg-preview-23.png 355w, https:\/\/osjclimatizacao.com.br\/wp-content\/uploads\/2023\/04\/download-removebg-preview-23-300x120.png 300w\" sizes=\"(max-width: 355px) 100vw, 355px\" \/>\t\t\t\t\t\t\t\t\t\t\t\t\t\t\t<\/div>\n\t\t\t\t<\/div>\n\t\t\t\t<div class=\"elementor-element elementor-element-e71ba8b elementor-widget elementor-widget-image\" data-id=\"e71ba8b\" data-element_type=\"widget\" data-widget_type=\"image.default\">\n\t\t\t\t<div class=\"elementor-widget-container\">\n\t\t\t\t\t\t\t\t\t\t\t\t\t\t\t<img decoding=\"async\" width=\"800\" height=\"350\" src=\"https:\/\/osjclimatizacao.com.br\/wp-content\/uploads\/2023\/04\/1200px-LG_logo_2015.svg-1024x448.png\" class=\"attachment-large size-large wp-image-170\" alt=\"\" loading=\"lazy\" srcset=\"https:\/\/osjclimatizacao.com.br\/wp-content\/uploads\/2023\/04\/1200px-LG_logo_2015.svg-1024x448.png 1024w, https:\/\/osjclimatizacao.com.br\/wp-content\/uploads\/2023\/04\/1200px-LG_logo_2015.svg-300x131.png 300w, https:\/\/osjclimatizacao.com.br\/wp-content\/uploads\/2023\/04\/1200px-LG_logo_2015.svg-768x336.png 768w, https:\/\/osjclimatizacao.com.br\/wp-content\/uploads\/2023\/04\/1200px-LG_logo_2015.svg.png 1200w\" sizes=\"(max-width: 800px) 100vw, 800px\" \/>\t\t\t\t\t\t\t\t\t\t\t\t\t\t\t<\/div>\n\t\t\t\t<\/div>\n\t\t\t\t\t<\/div>\n\t\t<\/div>\n\t\t\t\t<div class=\"elementor-column elementor-col-50 elementor-inner-column elementor-element elementor-element-40ed18a\" data-id=\"40ed18a\" data-element_type=\"column\">\n\t\t\t<div class=\"elementor-widget-wrap elementor-element-populated\">\n\t\t\t\t\t\t\t\t<div class=\"elementor-element elementor-element-e2055fe elementor-widget elementor-widget-image\" data-id=\"e2055fe\" data-element_type=\"widget\" data-widget_type=\"image.default\">\n\t\t\t\t<div class=\"elementor-widget-container\">\n\t\t\t\t\t\t\t\t\t\t\t\t\t\t\t<img decoding=\"async\" width=\"225\" height=\"225\" src=\"https:\/\/osjclimatizacao.com.br\/wp-content\/uploads\/2023\/04\/download-removebg-preview-25.png\" class=\"attachment-large size-large wp-image-171\" alt=\"\" loading=\"lazy\" srcset=\"https:\/\/osjclimatizacao.com.br\/wp-content\/uploads\/2023\/04\/download-removebg-preview-25.png 225w, https:\/\/osjclimatizacao.com.br\/wp-content\/uploads\/2023\/04\/download-removebg-preview-25-150x150.png 150w\" sizes=\"(max-width: 225px) 100vw, 225px\" \/>\t\t\t\t\t\t\t\t\t\t\t\t\t\t\t<\/div>\n\t\t\t\t<\/div>\n\t\t\t\t<div class=\"elementor-element elementor-element-044b572 elementor-widget elementor-widget-image\" data-id=\"044b572\" data-element_type=\"widget\" data-widget_type=\"image.default\">\n\t\t\t\t<div class=\"elementor-widget-container\">\n\t\t\t\t\t\t\t\t\t\t\t\t\t\t\t<img decoding=\"async\" width=\"318\" height=\"159\" src=\"https:\/\/osjclimatizacao.com.br\/wp-content\/uploads\/2023\/04\/download-removebg-preview-24.png\" class=\"attachment-large size-large wp-image-175\" alt=\"\" loading=\"lazy\" srcset=\"https:\/\/osjclimatizacao.com.br\/wp-content\/uploads\/2023\/04\/download-removebg-preview-24.png 318w, https:\/\/osjclimatizacao.com.br\/wp-content\/uploads\/2023\/04\/download-removebg-preview-24-300x150.png 300w\" sizes=\"(max-width: 318px) 100vw, 318px\" \/>\t\t\t\t\t\t\t\t\t\t\t\t\t\t\t<\/div>\n\t\t\t\t<\/div>\n\t\t\t\t<div class=\"elementor-element elementor-element-ee3a634 elementor-widget elementor-widget-image\" data-id=\"ee3a634\" data-element_type=\"widget\" data-widget_type=\"image.default\">\n\t\t\t\t<div class=\"elementor-widget-container\">\n\t\t\t\t\t\t\t\t\t\t\t\t\t\t\t<img decoding=\"async\" width=\"600\" height=\"300\" src=\"https:\/\/osjclimatizacao.com.br\/wp-content\/uploads\/2023\/04\/hitachi-removebg-preview-e1681931485269.png\" class=\"attachment-large size-large wp-image-176\" alt=\"\" loading=\"lazy\" srcset=\"https:\/\/osjclimatizacao.com.br\/wp-content\/uploads\/2023\/04\/hitachi-removebg-preview-e1681931485269.png 600w, https:\/\/osjclimatizacao.com.br\/wp-content\/uploads\/2023\/04\/hitachi-removebg-preview-e1681931485269-300x150.png 300w\" sizes=\"(max-width: 600px) 100vw, 600px\" \/>\t\t\t\t\t\t\t\t\t\t\t\t\t\t\t<\/div>\n\t\t\t\t<\/div>\n\t\t\t\t\t<\/div>\n\t\t<\/div>\n\t\t\t\t\t\t\t<\/div>\n\t\t<\/section>\n\t\t\t\t\t<\/div>\n\t\t<\/div>\n\t\t\t\t\t\t\t<\/div>\n\t\t<\/section>\n\t\t\t\t<section class=\"elementor-section elementor-top-section elementor-element elementor-element-6bf128f elementor-section-boxed elementor-section-height-default elementor-section-height-default\" data-id=\"6bf128f\" data-element_type=\"section\" data-settings=\"{&quot;background_background&quot;:&quot;classic&quot;}\">\n\t\t\t\t\t\t<div class=\"elementor-container elementor-column-gap-default\">\n\t\t\t\t\t<div class=\"elementor-column elementor-col-100 elementor-top-column elementor-element elementor-element-328c8cd\" data-id=\"328c8cd\" data-element_type=\"column\">\n\t\t\t<div class=\"elementor-widget-wrap elementor-element-populated\">\n\t\t\t\t\t\t\t\t<div class=\"elementor-element elementor-element-943cf98 elementor-widget elementor-widget-heading\" data-id=\"943cf98\" data-element_type=\"widget\" data-widget_type=\"heading.default\">\n\t\t\t\t<div class=\"elementor-widget-container\">\n\t\t\t<h2 class=\"elementor-heading-title elementor-size-default\">Especialistas em instala\u00e7\u00f5es\n<\/h2>\t\t<\/div>\n\t\t\t\t<\/div>\n\t\t\t\t<div class=\"elementor-element elementor-element-d13c3d4 elementor-widget__width-initial elementor-widget elementor-widget-text-editor\" data-id=\"d13c3d4\" data-element_type=\"widget\" data-widget_type=\"text-editor.default\">\n\t\t\t\t<div class=\"elementor-widget-container\">\n\t\t\t<style>\/*! elementor - v3.12.1 - 02-04-2023 *\/\n.elementor-widget-text-editor.elementor-drop-cap-view-stacked .elementor-drop-cap{background-color:#69727d;color:#fff}.elementor-widget-text-editor.elementor-drop-cap-view-framed .elementor-drop-cap{color:#69727d;border:3px solid;background-color:transparent}.elementor-widget-text-editor:not(.elementor-drop-cap-view-default) .elementor-drop-cap{margin-top:8px}.elementor-widget-text-editor:not(.elementor-drop-cap-view-default) .elementor-drop-cap-letter{width:1em;height:1em}.elementor-widget-text-editor .elementor-drop-cap{float:left;text-align:center;line-height:1;font-size:50px}.elementor-widget-text-editor .elementor-drop-cap-letter{display:inline-block}<\/style>\t\t\t\t<p>Instala\u00e7\u00e3o de Multi<\/p><p>Instala\u00e7\u00e3o de Split Hi Wall<\/p><p>Piso teto<\/p><p>Cassete<\/p>\t\t\t\t\t\t<\/div>\n\t\t\t\t<\/div>\n\t\t\t\t\t<\/div>\n\t\t<\/div>\n\t\t\t\t\t\t\t<\/div>\n\t\t<\/section>\n\t\t\t\t<section class=\"elementor-section elementor-top-section elementor-element elementor-element-ea16948 elementor-section-full_width elementor-section-height-default elementor-section-height-default\" data-id=\"ea16948\" data-element_type=\"section\">\n\t\t\t\t\t\t<div class=\"elementor-container elementor-column-gap-no\">\n\t\t\t\t\t<div class=\"elementor-column elementor-col-33 elementor-top-column elementor-element elementor-element-bd07bff\" data-id=\"bd07bff\" data-element_type=\"column\">\n\t\t\t<div class=\"elementor-widget-wrap elementor-element-populated\">\n\t\t\t\t\t\t\t\t<div class=\"elementor-element elementor-element-f16f9ad elementor-widget elementor-widget-image\" data-id=\"f16f9ad\" data-element_type=\"widget\" data-widget_type=\"image.default\">\n\t\t\t\t<div class=\"elementor-widget-container\">\n\t\t\t\t\t\t\t\t\t\t\t\t\t\t\t<img decoding=\"async\" width=\"800\" height=\"800\" src=\"https:\/\/osjclimatizacao.com.br\/wp-content\/uploads\/2023\/04\/ar-condicionado-instalacao-manutencao-5-1-1024x1024.png\" class=\"attachment-large size-large wp-image-124\" alt=\"\" loading=\"lazy\" srcset=\"https:\/\/osjclimatizacao.com.br\/wp-content\/uploads\/2023\/04\/ar-condicionado-instalacao-manutencao-5-1-1024x1024.png 1024w, https:\/\/osjclimatizacao.com.br\/wp-content\/uploads\/2023\/04\/ar-condicionado-instalacao-manutencao-5-1-300x300.png 300w, https:\/\/osjclimatizacao.com.br\/wp-content\/uploads\/2023\/04\/ar-condicionado-instalacao-manutencao-5-1-150x150.png 150w, https:\/\/osjclimatizacao.com.br\/wp-content\/uploads\/2023\/04\/ar-condicionado-instalacao-manutencao-5-1-768x768.png 768w, https:\/\/osjclimatizacao.com.br\/wp-content\/uploads\/2023\/04\/ar-condicionado-instalacao-manutencao-5-1.png 1080w\" sizes=\"(max-width: 800px) 100vw, 800px\" \/>\t\t\t\t\t\t\t\t\t\t\t\t\t\t\t<\/div>\n\t\t\t\t<\/div>\n\t\t\t\t\t<\/div>\n\t\t<\/div>\n\t\t\t\t<div class=\"elementor-column elementor-col-33 elementor-top-column elementor-element elementor-element-e5a6b71\" data-id=\"e5a6b71\" data-element_type=\"column\">\n\t\t\t<div class=\"elementor-widget-wrap elementor-element-populated\">\n\t\t\t\t\t\t\t\t<div class=\"elementor-element elementor-element-db7ff58 elementor-widget elementor-widget-image\" data-id=\"db7ff58\" data-element_type=\"widget\" data-widget_type=\"image.default\">\n\t\t\t\t<div class=\"elementor-widget-container\">\n\t\t\t\t\t\t\t\t\t\t\t\t\t\t\t<img decoding=\"async\" width=\"800\" height=\"800\" src=\"https:\/\/osjclimatizacao.com.br\/wp-content\/uploads\/2023\/04\/Ar-condionado-OSJ-1-1024x1024.png\" class=\"attachment-large size-large wp-image-186\" alt=\"\" loading=\"lazy\" srcset=\"https:\/\/osjclimatizacao.com.br\/wp-content\/uploads\/2023\/04\/Ar-condionado-OSJ-1-1024x1024.png 1024w, https:\/\/osjclimatizacao.com.br\/wp-content\/uploads\/2023\/04\/Ar-condionado-OSJ-1-300x300.png 300w, https:\/\/osjclimatizacao.com.br\/wp-content\/uploads\/2023\/04\/Ar-condionado-OSJ-1-150x150.png 150w, https:\/\/osjclimatizacao.com.br\/wp-content\/uploads\/2023\/04\/Ar-condionado-OSJ-1-768x768.png 768w, https:\/\/osjclimatizacao.com.br\/wp-content\/uploads\/2023\/04\/Ar-condionado-OSJ-1.png 1080w\" sizes=\"(max-width: 800px) 100vw, 800px\" \/>\t\t\t\t\t\t\t\t\t\t\t\t\t\t\t<\/div>\n\t\t\t\t<\/div>\n\t\t\t\t\t<\/div>\n\t\t<\/div>\n\t\t\t\t<div class=\"elementor-column elementor-col-33 elementor-top-column elementor-element elementor-element-4a90c5e\" data-id=\"4a90c5e\" data-element_type=\"column\">\n\t\t\t<div class=\"elementor-widget-wrap elementor-element-populated\">\n\t\t\t\t\t\t\t\t<div class=\"elementor-element elementor-element-1aad456 elementor-widget elementor-widget-image\" data-id=\"1aad456\" data-element_type=\"widget\" data-widget_type=\"image.default\">\n\t\t\t\t<div class=\"elementor-widget-container\">\n\t\t\t\t\t\t\t\t\t\t\t\t\t\t\t<img decoding=\"async\" width=\"800\" height=\"800\" src=\"https:\/\/osjclimatizacao.com.br\/wp-content\/uploads\/2023\/04\/ar-condicionado-instalacao-manutencao-3-1-1024x1024.png\" class=\"attachment-large size-large wp-image-122\" alt=\"\" loading=\"lazy\" srcset=\"https:\/\/osjclimatizacao.com.br\/wp-content\/uploads\/2023\/04\/ar-condicionado-instalacao-manutencao-3-1-1024x1024.png 1024w, https:\/\/osjclimatizacao.com.br\/wp-content\/uploads\/2023\/04\/ar-condicionado-instalacao-manutencao-3-1-300x300.png 300w, https:\/\/osjclimatizacao.com.br\/wp-content\/uploads\/2023\/04\/ar-condicionado-instalacao-manutencao-3-1-150x150.png 150w, https:\/\/osjclimatizacao.com.br\/wp-content\/uploads\/2023\/04\/ar-condicionado-instalacao-manutencao-3-1-768x768.png 768w, https:\/\/osjclimatizacao.com.br\/wp-content\/uploads\/2023\/04\/ar-condicionado-instalacao-manutencao-3-1.png 1080w\" sizes=\"(max-width: 800px) 100vw, 800px\" \/>\t\t\t\t\t\t\t\t\t\t\t\t\t\t\t<\/div>\n\t\t\t\t<\/div>\n\t\t\t\t\t<\/div>\n\t\t<\/div>\n\t\t\t\t\t\t\t<\/div>\n\t\t<\/section>\n\t\t\t\t\t\t\t<\/div>\n\t\t","protected":false},"excerpt":{"rendered":"<p>Ar condicionado Multi Split Hi Wall Piso teto Cassete Principais Marcas Especialistas em instala\u00e7\u00f5es Instala\u00e7\u00e3o de Multi Instala\u00e7\u00e3o de Split Hi Wall Piso teto Cassete<\/p>\n","protected":false},"author":1,"featured_media":0,"parent":0,"menu_order":0,"comment_status":"closed","ping_status":"closed","template":"elementor_header_footer","meta":[],"_links":{"self":[{"href":"https:\/\/osjclimatizacao.com.br\/index.php\/wp-json\/wp\/v2\/pages\/147"}],"collection":[{"href":"https:\/\/osjclimatizacao.com.br\/index.php\/wp-json\/wp\/v2\/pages"}],"about":[{"href":"https:\/\/osjclimatizacao.com.br\/index.php\/wp-json\/wp\/v2\/types\/page"}],"author":[{"embeddable":true,"href":"https:\/\/osjclimatizacao.com.br\/index.php\/wp-json\/wp\/v2\/users\/1"}],"replies":[{"embeddable":true,"href":"https:\/\/osjclimatizacao.com.br\/index.php\/wp-json\/wp\/v2\/comments?post=147"}],"version-history":[{"count":16,"href":"https:\/\/osjclimatizacao.com.br\/index.php\/wp-json\/wp\/v2\/pages\/147\/revisions"}],"predecessor-version":[{"id":189,"href":"https:\/\/osjclimatizacao.com.br\/index.php\/wp-json\/wp\/v2\/pages\/147\/revisions\/189"}],"wp:attachment":[{"href":"https:\/\/osjclimatizacao.com.br\/index.php\/wp-json\/wp\/v2\/media?parent=147"}],"curies":[{"name":"wp","href":"https:\/\/api.w.org\/{rel}","templated":true}]}}